{"id":1969,"date":"2024-07-17T13:02:53","date_gmt":"2024-07-17T11:02:53","guid":{"rendered":"https:\/\/www.stiftung-zukunft-gewandhaus.de\/spenden\/"},"modified":"2026-02-05T11:29:33","modified_gmt":"2026-02-05T10:29:33","slug":"donations","status":"publish","type":"page","link":"https:\/\/www.stiftung-zukunft-gewandhaus.de\/en\/donations\/","title":{"rendered":"Donations"},"content":{"rendered":"<section class=\"l-section wpb_row height_small\"><div class=\"l-section-h i-cf\"><div class=\"g-cols vc_row via_flex valign_top type_default stacking_default\"><div class=\"vc_col-sm-12 wpb_column vc_column_container\"><div class=\"vc_column-inner\"><div class=\"wpb_wrapper\"><h2 class=\"w-text\"><span class=\"w-text-h\"><span class=\"w-text-value\">Donations<\/span><\/span><\/h2><div class=\"wpb_text_column us_custom_432d3f53\"><div class=\"wpb_wrapper\"><p>To ensure that the Gewandhausorchester remains one of the world&#8217;s leading orchestras in the future, we are securing long-term financial support for special projects with the <strong>Stiftung Zukunft Gewandhaus zu Leipzig<\/strong>. Together with numerous committed citizens, we are continuing the history of the 16 merchants and traders who founded the Gewandhaus Orchestra in 1743 in the private foundation <strong>Stiftung Zukunft Gewandhaus zu Leipzig<\/strong>.<\/p>\n<\/div><\/div><div class=\"w-separator size_medium\"><\/div><h4 class=\"w-text\"><span class=\"w-text-h\"><span class=\"w-text-value\">Support That Resonates \u2013 Four Compelling Reasons to Give:<\/span><\/span><\/h4><div class=\"w-separator hide_on_mobiles size_small\"><\/div><\/div><\/div><\/div><div class=\"vc_col-sm-6 wpb_column vc_column_container\"><div class=\"vc_column-inner\"><div class=\"wpb_wrapper\"><div class=\"w-iconbox iconpos_top style_default color_custom align_center\"><div class=\"w-iconbox-icon\" style=\"font-size:50px;--icon-color:var(--color-content-link-hover);\"><i class=\"fas fa-music\"><\/i><\/div><div class=\"w-iconbox-meta\"><h5 class=\"w-iconbox-title\">Preserving musical excellence<\/h5><div class=\"w-iconbox-text\"><p class=\"p1\">Ihre Spende hilft, das Gewandhausorchester \u2013 eines der renommiertesten Orchester der Welt \u2013 langfristig zu f\u00f6rdern und seine k\u00fcnstlerische Qualit\u00e4t zu sichern.<\/p>\n<\/div><\/div><\/div><div class=\"w-separator size_medium\"><\/div><\/div><\/div><\/div><div class=\"vc_col-sm-6 wpb_column vc_column_container\"><div class=\"vc_column-inner\"><div class=\"wpb_wrapper\"><div class=\"w-iconbox iconpos_top style_default color_custom align_center\"><div class=\"w-iconbox-icon\" style=\"font-size:50px;--icon-color:var(--color-content-link-hover);\"><i class=\"fas fa-rocket\"><\/i><\/div><div class=\"w-iconbox-meta\"><h5 class=\"w-iconbox-title\">Promotion of innovative projects<\/h5><div class=\"w-iconbox-text\"><p class=\"p1\">Die Stiftung unterst\u00fctzt neue musikalische Formate, Bildungsprojekte und kreative Impulse, die das kulturelle Leben in Leipzig und dar\u00fcber hinaus bereichern.<\/p>\n<\/div><\/div><\/div><div class=\"w-separator size_medium\"><\/div><\/div><\/div><\/div><div class=\"vc_col-sm-6 wpb_column vc_column_container\"><div class=\"vc_column-inner\"><div class=\"wpb_wrapper\"><div class=\"w-iconbox iconpos_top style_default color_custom align_center\"><div class=\"w-iconbox-icon\" style=\"font-size:50px;--icon-color:var(--color-content-link-hover);\"><i class=\"fas fa-users\"><\/i><\/div><div class=\"w-iconbox-meta\"><h5 class=\"w-iconbox-title\">Access to music for all generations<\/h5><div class=\"w-iconbox-text\"><p class=\"p1\">Mit Ihrer Hilfe werden Programme erm\u00f6glicht, die Menschen jeden Alters und jeder Herkunft durch Musik verbinden \u2013 sei es durch Konzerte, Workshops oder Bildungsangebote.<\/p>\n<\/div><\/div><\/div><\/div><\/div><\/div><div class=\"vc_col-sm-6 wpb_column vc_column_container\"><div class=\"vc_column-inner\"><div class=\"wpb_wrapper\"><div class=\"w-separator hide_on_default hide_on_laptops hide_on_tablets size_medium\"><\/div><div class=\"w-iconbox iconpos_top style_default color_custom align_center\"><div class=\"w-iconbox-icon\" style=\"font-size:50px;--icon-color:var(--color-content-link-hover);\"><i class=\"fas fa-star\"><\/i><\/div><div class=\"w-iconbox-meta\"><h5 class=\"w-iconbox-title\">Promotion of young musical talent<\/h5><div class=\"w-iconbox-text\"><p class=\"p1\">Mit Ihrer Spende f\u00f6rdern Sie talentierte junge Musikerinnen und Musiker u.a. in der Mendelssohn-Orchesterakademie, dem Gewandhauschor oder im internationalen und nationalen Austausch mit anderen Akademien.<\/p>\n<\/div><\/div><\/div><\/div><\/div><\/div><div class=\"vc_col-sm-12 wpb_column vc_column_container\"><div class=\"vc_column-inner\"><div class=\"wpb_wrapper\"><div class=\"w-separator size_medium\"><\/div><div class=\"wpb_text_column\"><div class=\"wpb_wrapper\"><p><em>We look forward to any support from you:<\/em><\/p>\n<\/div><\/div><div class=\"w-separator size_medium\"><\/div><div class=\"w-html\"><!-- twingle -->\n<iframe src=\"https:\/\/spenden.twingle.de\/stiftung-zukunft-gewandhaus-zu-leipzig\/stiftung-zukunft-gewandhaus-zu-leipzig\/tw6756bb835a659\/form\" style=\"width: 100%; border: none; overflow: hidden; height: 450px; position: relative; z-index: 2;\" allow=\"payment\"><\/iframe>\n<script src=\"https:\/\/spenden.twingle.de\/embed\/generic\"><\/script>\n<!-- twingle --><\/div><div class=\"w-separator size_small\"><\/div><\/div><\/div><\/div><div class=\"vc_col-sm-12 wpb_column vc_column_container\"><div class=\"vc_column-inner\"><div class=\"wpb_wrapper\"><div class=\"wpb_text_column\"><div class=\"wpb_wrapper\"><h5 style=\"text-align: center;\">Donation account<\/h5>\n<p style=\"text-align: center;\"><span style=\"color: #151515;\"><strong>Bank<\/strong>: Sparkasse Leipzig<br \/><strong>IBAN<\/strong>: DE35 8605 5592 1090 3416 59<br \/><strong>BIC<\/strong>: WELADE8LXXX<\/span><\/p>\n<p>\u00a0<\/p>\n<div class=\"flex flex-col text-sm pb-25\">\n<article class=\"text-token-text-primary w-full focus:outline-none &#091;--shadow-height:45px&#093; has-data-writing-block:pointer-events-none has-data-writing-block:-mt-(--shadow-height) has-data-writing-block:pt-(--shadow-height) &#091;&amp;:has(&#091;data-writing-block&#093;)&gt;*&#093;:pointer-events-auto &#091;content-visibility:auto&#093; supports-&#091;content-visibility:auto&#093;:&#091;contain-intrinsic-size:auto_100lvh&#093; scroll-mt-&#091;calc(var(--header-height)+min(200px,max(70px,20svh)))&#093;\" dir=\"auto\" tabindex=\"-1\" data-turn-id=\"7051be7a-9b52-4894-8383-e7492407cba8\" data-testid=\"conversation-turn-2\" data-scroll-anchor=\"true\" data-turn=\"assistant\">\n<div class=\"text-base my-auto mx-auto pb-10 &#091;--thread-content-margin:--spacing(4)&#093; @w-sm\/main:&#091;--thread-content-margin:--spacing(6)&#093; @w-lg\/main:&#091;--thread-content-margin:--spacing(16)&#093; px-(--thread-content-margin)\">\n<div class=\"&#091;--thread-content-max-width:40rem&#093; @w-lg\/main:&#091;--thread-content-max-width:48rem&#093; mx-auto max-w-(--thread-content-max-width) flex-1 group\/turn-messages focus-visible:outline-hidden relative flex w-full min-w-0 flex-col agent-turn\" tabindex=\"-1\">\n<div class=\"flex max-w-full flex-col grow\">\n<div class=\"min-h-8 text-message relative flex w-full flex-col items-end gap-2 text-start break-words whitespace-normal &#091;.text-message+&amp;&#093;:mt-1\" dir=\"auto\" data-message-author-role=\"assistant\" data-message-id=\"1723dd2d-fe7d-4612-9a2a-6aecf4c00419\" data-message-model-slug=\"gpt-5-2\">\n<div class=\"flex w-full flex-col gap-1 empty:hidden first:pt-&#091;1px&#093;\">\n<div class=\"markdown prose dark:prose-invert w-full wrap-break-word light markdown-new-styling\">\n<p style=\"text-align: center; font-size: 20px;\" data-start=\"0\" data-end=\"30\"><em><strong data-start=\"0\" data-end=\"30\">Note on donation receipts:<\/strong><\/em><\/p>\n<p style=\"text-align: center; font-size: 16px;\" data-start=\"32\" data-end=\"226\" data-is-last-node=\"\" data-is-only-node=\"\"><em>For small donations of up to \u20ac300, the tax office accepts a copy of the bank statement as proof.<\/em><br data-start=\"128\" data-end=\"131\" \/><em>For donations exceeding \u20ac300, we will be happy to issue a formal donation receipt upon request.<\/em><\/p>\n<\/div>\n<\/div>\n<\/div>\n<\/div>\n<\/div>\n<\/div>\n<\/article>\n<\/div>\n<\/div><\/div><div class=\"w-separator size_small\"><\/div><\/div><\/div><\/div><\/div><\/div><\/section><section class=\"l-section wpb_row us_custom_e8593e36 height_custom\"><div class=\"l-section-h i-cf\"><div class=\"g-cols vc_row via_flex valign_top type_default stacking_default\"><div class=\"vc_col-sm-12 wpb_column vc_column_container\"><div class=\"vc_column-inner\"><div class=\"wpb_wrapper\"><div class=\"g-cols wpb_row via_flex valign_top type_default stacking_default\"><div class=\"vc_col-sm-12 wpb_column vc_column_container\"><div class=\"vc_column-inner\"><div class=\"wpb_wrapper\"><div class=\"wpb_text_column\"><div class=\"wpb_wrapper\"><h5><strong><span style=\"color: #f9f6f4;\">Contact<\/span><\/strong><\/h5>\n<p><span style=\"color: #f9f6f4;\"><strong>Katja Koch<\/strong><\/span><br \/><span style=\"color: #f9f6f4;\">Mitteldeutsche Stiftungsmanagement gGmbH<\/span><br \/><span style=\"color: #f9f6f4;\">on behalf Stiftung Zukunft Gewandhaus zu Leipzig<\/span><\/p>\n<p><span style=\"color: #f9f6f4;\">Menckestra\u00dfe 27<\/span><br \/><span style=\"color: #f9f6f4;\">D-04155 Leipzig<\/span><br \/><span style=\"color: #f9f6f4;\">Tel.: <a style=\"color: #f9f6f4;\" title=\"tel:+493415629668\" target=\"_blank\" rel=\"noreferrer noopener\">+49 341 \u2013 56 296 68<br \/><\/a>E-Mail: <a id=\"menurc54\" class=\"fui-Link ___1q1shib f2hkw1w f3rmtva f1ewtqcl fyind8e f1k6fduh f1w7gpdv fk6fouc fjoy568 figsok6 f1s184ao f1mk8lai fnbmjn9 f1o700av f13mvf36 f1cmlufx f9n3di6 f1ids18y f1tx3yz7 f1deo86v f1eh06m1 f1iescvh fhgqx19 f1olyrje f1p93eir f1nev41a f1h8hb77 f1lqvz6u f10aw75t fsle3fq f17ae5zn\" style=\"color: #f9f6f4;\" title=\"mailto:info@stiftung-zukunft-gewandhaus.de\" href=\"mailto:info@stiftung-zukunft-gewandhaus.de\" target=\"_blank\" rel=\"noreferrer noopener\" aria-label=\"Link info@stiftung-Zukunft-gewandhaus.de\">info@stiftung-zukunft-gewandhaus.de<\/a><\/span><\/p>\n<\/div><\/div><\/div><\/div><\/div><\/div><\/div><\/div><\/div><\/div><\/div><\/section>\n","protected":false},"excerpt":{"rendered":"DonationsTo ensure that the Gewandhausorchester remains one of the world&#8217;s leading orchestras in the future, we are securing long-term financial support for special projects with the Stiftung Zukunft Gewandhaus zu Leipzig. Together with numerous committed citizens, we are continuing the history of the 16 merchants and traders who founded the Gewandhaus Orchestra in 1743 in...","protected":false},"author":2,"featured_media":0,"parent":0,"menu_order":0,"comment_status":"closed","ping_status":"closed","template":"","meta":{"inline_featured_image":false,"_monsterinsights_skip_tracking":false,"_monsterinsights_sitenote_active":false,"_monsterinsights_sitenote_note":"","_monsterinsights_sitenote_category":0,"footnotes":""},"class_list":["post-1969","page","type-page","status-publish","hentry"],"_links":{"self":[{"href":"https:\/\/www.stiftung-zukunft-gewandhaus.de\/en\/wp-json\/wp\/v2\/pages\/1969","targetHints":{"allow":["GET"]}}],"collection":[{"href":"https:\/\/www.stiftung-zukunft-gewandhaus.de\/en\/wp-json\/wp\/v2\/pages"}],"about":[{"href":"https:\/\/www.stiftung-zukunft-gewandhaus.de\/en\/wp-json\/wp\/v2\/types\/page"}],"author":[{"embeddable":true,"href":"https:\/\/www.stiftung-zukunft-gewandhaus.de\/en\/wp-json\/wp\/v2\/users\/2"}],"replies":[{"embeddable":true,"href":"https:\/\/www.stiftung-zukunft-gewandhaus.de\/en\/wp-json\/wp\/v2\/comments?post=1969"}],"version-history":[{"count":27,"href":"https:\/\/www.stiftung-zukunft-gewandhaus.de\/en\/wp-json\/wp\/v2\/pages\/1969\/revisions"}],"predecessor-version":[{"id":2102,"href":"https:\/\/www.stiftung-zukunft-gewandhaus.de\/en\/wp-json\/wp\/v2\/pages\/1969\/revisions\/2102"}],"wp:attachment":[{"href":"https:\/\/www.stiftung-zukunft-gewandhaus.de\/en\/wp-json\/wp\/v2\/media?parent=1969"}],"curies":[{"name":"wp","href":"https:\/\/api.w.org\/{rel}","templated":true}]}}